{"id":394,"date":"2021-05-19T10:56:35","date_gmt":"2021-05-19T10:56:35","guid":{"rendered":"http:\/\/najaoils.com.mialias.net.mialias.net\/?page_id=394"},"modified":"2023-01-25T10:59:59","modified_gmt":"2023-01-25T10:59:59","slug":"about-us","status":"publish","type":"page","link":"https:\/\/roostmxgear.com\/en\/about-us\/","title":{"rendered":"About us"},"content":{"rendered":"<div class=\"fusion-fullwidth fullwidth-box fusion-builder-row-1 fusion-flex-container fusion-parallax-none hundred-percent-fullwidth non-hundred-percent-height-scrolling lazyload\" style=\"--awb-border-radius-top-left:0px;--awb-border-radius-top-right:0px;--awb-border-radius-bottom-right:0px;--awb-border-radius-bottom-left:0px;--awb-padding-top:7%;--awb-padding-right:0%;--awb-padding-bottom:6%;--awb-padding-left:0%;--awb-padding-right-small:5%;--awb-padding-left-small:5%;--awb-margin-top:0%;--awb-background-size:cover;--awb-flex-wrap:wrap;\" data-bg=\"https:\/\/roostmxgear.com\/wp-content\/uploads\/2022\/09\/img_roost.jpg\" ><div class=\"fusion-builder-row fusion-row fusion-flex-align-items-flex-start fusion-flex-justify-content-center fusion-flex-content-wrap\" style=\"width:104% !important;max-width:104% !important;margin-left: calc(-4% \/ 2 );margin-right: calc(-4% \/ 2 );\"><div class=\"fusion-layout-column fusion_builder_column fusion-builder-column-0 fusion_builder_column_1_3 1_3 fusion-flex-column\" style=\"--awb-bg-size:cover;--awb-width-large:33.333333333333%;--awb-margin-top-large:0px;--awb-spacing-right-large:5.76%;--awb-margin-bottom-large:20px;--awb-spacing-left-large:5.76%;--awb-width-medium:33.333333333333%;--awb-order-medium:0;--awb-spacing-right-medium:5.76%;--awb-spacing-left-medium:5.76%;--awb-width-small:100%;--awb-order-small:0;--awb-spacing-right-small:1.92%;--awb-spacing-left-small:1.92%;\"><div class=\"fusion-column-wrapper fusion-column-has-shadow fusion-flex-justify-content-flex-start fusion-content-layout-column\"><\/div><\/div><div class=\"fusion-layout-column fusion_builder_column fusion-builder-column-1 fusion_builder_column_1_3 1_3 fusion-flex-column\" style=\"--awb-bg-size:cover;--awb-width-large:33.333333333333%;--awb-margin-top-large:0px;--awb-spacing-right-large:5.76%;--awb-margin-bottom-large:20px;--awb-spacing-left-large:5.76%;--awb-width-medium:33.333333333333%;--awb-order-medium:0;--awb-spacing-right-medium:5.76%;--awb-spacing-left-medium:5.76%;--awb-width-small:100%;--awb-order-small:0;--awb-spacing-right-small:1.92%;--awb-spacing-left-small:1.92%;\"><div class=\"fusion-column-wrapper fusion-column-has-shadow fusion-flex-justify-content-flex-start fusion-content-layout-column\"><div class=\"fusion-image-element \" style=\"text-align:right;--awb-max-width:90%;--awb-caption-title-font-family:var(--h2_typography-font-family);--awb-caption-title-font-weight:var(--h2_typography-font-weight);--awb-caption-title-font-style:var(--h2_typography-font-style);--awb-caption-title-size:var(--h2_typography-font-size);--awb-caption-title-transform:var(--h2_typography-text-transform);--awb-caption-title-line-height:var(--h2_typography-line-height);--awb-caption-title-letter-spacing:var(--h2_typography-letter-spacing);\"><span class=\" fusion-imageframe imageframe-none imageframe-1 hover-type-none\"><img decoding=\"async\" width=\"600\" height=\"111\" title=\"logo-retina\" src=\"https:\/\/roostmxgear.com\/wp-content\/uploads\/2022\/09\/logo-retina-3.png\" data-orig-src=\"https:\/\/roostmxgear.com\/wp-content\/uploads\/2022\/09\/logo-retina-3.png\" alt class=\"lazyload img-responsive wp-image-4493\" srcset=\"data:image\/svg+xml,%3Csvg%20xmlns%3D%27http%3A%2F%2Fwww.w3.org%2F2000%2Fsvg%27%20width%3D%27600%27%20height%3D%27111%27%20viewBox%3D%270%200%20600%20111%27%3E%3Crect%20width%3D%27600%27%20height%3D%27111%27%20fill-opacity%3D%220%22%2F%3E%3C%2Fsvg%3E\" data-srcset=\"https:\/\/roostmxgear.com\/wp-content\/uploads\/2022\/09\/logo-retina-3-200x37.png 200w, https:\/\/roostmxgear.com\/wp-content\/uploads\/2022\/09\/logo-retina-3-400x74.png 400w, https:\/\/roostmxgear.com\/wp-content\/uploads\/2022\/09\/logo-retina-3.png 600w\" data-sizes=\"auto\" data-orig-sizes=\"(max-width: 815px) 100vw, 400px\" \/><\/span><\/div><\/div><\/div><div class=\"fusion-layout-column fusion_builder_column fusion-builder-column-2 fusion_builder_column_4_5 4_5 fusion-flex-column\" style=\"--awb-padding-top:3%;--awb-padding-right:3%;--awb-padding-bottom:3%;--awb-padding-left:3%;--awb-padding-right-small:6%;--awb-padding-left-small:6%;--awb-overflow:hidden;--awb-bg-color:rgba(0,0,0,0.58);--awb-bg-color-hover:rgba(0,0,0,0.58);--awb-bg-size:cover;--awb-border-radius:20px 20px 20px 20px;--awb-width-large:80%;--awb-margin-top-large:0px;--awb-spacing-right-large:2.4%;--awb-margin-bottom-large:20px;--awb-spacing-left-large:2.4%;--awb-width-medium:80%;--awb-order-medium:0;--awb-spacing-right-medium:2.4%;--awb-spacing-left-medium:2.4%;--awb-width-small:100%;--awb-order-small:0;--awb-spacing-right-small:1.92%;--awb-spacing-left-small:1.92%;\"><div class=\"fusion-column-wrapper fusion-column-has-shadow fusion-flex-justify-content-flex-start fusion-content-layout-column\"><div class=\"fusion-text fusion-text-1 sm-text-align-center\"><p style=\"text-align: right;\"><span style=\"color: #ffffff;\">En el esp\u00edritu de <strong>ROOST<\/strong> reside la filosof\u00eda de que la pasi\u00f3n es el punto de partida de todos los cambios; queremos resultar fieles apostando siempre por productos por y para off-riders y crear paso a paso nuestro propio camino. Por ello, en<strong> ROOST<\/strong> nos mantenemos siempre en movimiento, quedarnos parados no es una opci\u00f3n para nosotros. <strong>En ROOST<\/strong> estamos dispuestos a demostrar que el Off-road es m\u00e1s que un deporte, es una pasi\u00f3n.<\/span><\/p>\n<p style=\"text-align: right;\"><span style=\"color: #ffffff;\">ROOST nace en Barcelona, una de las cunas del motor en Europa, para trabajar y desarrollar productos diferenciadores para la pr\u00e1ctica del motor tanto en la naturaleza como en el circuito. D\u00eda tras d\u00eda tratamos de conseguir que lo que verdaderamente somos se vea reflejado en cada una de nuestras colecciones, cuidando los detalles<strong> al servicio de la calidad, la seguridad y el dise\u00f1o<\/strong>.<\/span><\/p>\n<p style=\"text-align: right;\"><span style=\"color: #ffffff;\">Cada producto<strong> ROOST<\/strong> est\u00e1 inspirado en los momentos de libertad en los que somos realmente nosotros mismos: volando sobre la tierra, rozando las hojas de los \u00e1rboles, venciendo cada piedra. Pero tambi\u00e9n de superaci\u00f3n, de caer y de levantarnos. Creciendo. Aprendiendo. Siendo mejores.<\/span><\/p>\n<p style=\"text-align: right;\"><span style=\"color: #ffffff;\">No aspiramos a ser una marca m\u00e1s de equipamiento: queremos ser tu marca \u00fanica <strong>en tu pasi\u00f3n<\/strong>. Sea cual sea tu nivel. Rompiendo los propios l\u00edmites y ayudandote a conseguir hacer cualquier cosa que verdaderamente te propongas.<\/span><\/p>\n<p style=\"text-align: right;\"><span style=\"color: #ffffff;\">Tenemos el equipo. Tenemos la inspiraci\u00f3n. Y ahora tambi\u00e9n<strong> contamos contigo<\/strong>.<\/span><\/p>\n<\/div><\/div><\/div><\/div><\/div>\n","protected":false},"excerpt":{"rendered":"","protected":false},"author":2,"featured_media":0,"parent":0,"menu_order":0,"comment_status":"closed","ping_status":"closed","template":"100-width.php","meta":{"footnotes":""},"class_list":["post-394","page","type-page","status-publish","hentry"],"yoast_head":"<!-- This site is optimized with the Yoast SEO plugin v24.3 - https:\/\/yoast.com\/wordpress\/plugins\/seo\/ -->\n<title>About us - Roost<\/title>\n<meta name=\"robots\" content=\"index, follow, max-snippet:-1, max-image-preview:large, max-video-preview:-1\" \/>\n<link rel=\"canonical\" href=\"https:\/\/roostmxgear.com\/en\/about-us\/\" \/>\n<meta property=\"og:locale\" content=\"en_US\" \/>\n<meta property=\"og:type\" content=\"article\" \/>\n<meta property=\"og:title\" content=\"About us - Roost\" \/>\n<meta property=\"og:url\" content=\"https:\/\/roostmxgear.com\/en\/about-us\/\" \/>\n<meta property=\"og:site_name\" content=\"Roost\" \/>\n<meta property=\"article:modified_time\" content=\"2023-01-25T10:59:59+00:00\" \/>\n<meta name=\"twitter:card\" content=\"summary_large_image\" \/>\n<script type=\"application\/ld+json\" class=\"yoast-schema-graph\">{\"@context\":\"https:\/\/schema.org\",\"@graph\":[{\"@type\":\"WebPage\",\"@id\":\"https:\/\/roostmxgear.com\/en\/about-us\/\",\"url\":\"https:\/\/roostmxgear.com\/en\/about-us\/\",\"name\":\"About us - Roost\",\"isPartOf\":{\"@id\":\"https:\/\/roostmxgear.com\/#website\"},\"datePublished\":\"2021-05-19T10:56:35+00:00\",\"dateModified\":\"2023-01-25T10:59:59+00:00\",\"breadcrumb\":{\"@id\":\"https:\/\/roostmxgear.com\/en\/about-us\/#breadcrumb\"},\"inLanguage\":\"en-US\",\"potentialAction\":[{\"@type\":\"ReadAction\",\"target\":[\"https:\/\/roostmxgear.com\/en\/about-us\/\"]}]},{\"@type\":\"BreadcrumbList\",\"@id\":\"https:\/\/roostmxgear.com\/en\/about-us\/#breadcrumb\",\"itemListElement\":[{\"@type\":\"ListItem\",\"position\":1,\"name\":\"Portada\",\"item\":\"https:\/\/roostmxgear.com\/en\/\"},{\"@type\":\"ListItem\",\"position\":2,\"name\":\"About us\"}]},{\"@type\":\"WebSite\",\"@id\":\"https:\/\/roostmxgear.com\/#website\",\"url\":\"https:\/\/roostmxgear.com\/\",\"name\":\"Roost\",\"description\":\"Challenge your limits\",\"potentialAction\":[{\"@type\":\"SearchAction\",\"target\":{\"@type\":\"EntryPoint\",\"urlTemplate\":\"https:\/\/roostmxgear.com\/?s={search_term_string}\"},\"query-input\":{\"@type\":\"PropertyValueSpecification\",\"valueRequired\":true,\"valueName\":\"search_term_string\"}}],\"inLanguage\":\"en-US\"}]}<\/script>\n<!-- \/ Yoast SEO plugin. -->","yoast_head_json":{"title":"About us - Roost","robots":{"index":"index","follow":"follow","max-snippet":"max-snippet:-1","max-image-preview":"max-image-preview:large","max-video-preview":"max-video-preview:-1"},"canonical":"https:\/\/roostmxgear.com\/en\/about-us\/","og_locale":"en_US","og_type":"article","og_title":"About us - Roost","og_url":"https:\/\/roostmxgear.com\/en\/about-us\/","og_site_name":"Roost","article_modified_time":"2023-01-25T10:59:59+00:00","twitter_card":"summary_large_image","schema":{"@context":"https:\/\/schema.org","@graph":[{"@type":"WebPage","@id":"https:\/\/roostmxgear.com\/en\/about-us\/","url":"https:\/\/roostmxgear.com\/en\/about-us\/","name":"About us - Roost","isPartOf":{"@id":"https:\/\/roostmxgear.com\/#website"},"datePublished":"2021-05-19T10:56:35+00:00","dateModified":"2023-01-25T10:59:59+00:00","breadcrumb":{"@id":"https:\/\/roostmxgear.com\/en\/about-us\/#breadcrumb"},"inLanguage":"en-US","potentialAction":[{"@type":"ReadAction","target":["https:\/\/roostmxgear.com\/en\/about-us\/"]}]},{"@type":"BreadcrumbList","@id":"https:\/\/roostmxgear.com\/en\/about-us\/#breadcrumb","itemListElement":[{"@type":"ListItem","position":1,"name":"Portada","item":"https:\/\/roostmxgear.com\/en\/"},{"@type":"ListItem","position":2,"name":"About us"}]},{"@type":"WebSite","@id":"https:\/\/roostmxgear.com\/#website","url":"https:\/\/roostmxgear.com\/","name":"Roost","description":"Challenge your limits","potentialAction":[{"@type":"SearchAction","target":{"@type":"EntryPoint","urlTemplate":"https:\/\/roostmxgear.com\/?s={search_term_string}"},"query-input":{"@type":"PropertyValueSpecification","valueRequired":true,"valueName":"search_term_string"}}],"inLanguage":"en-US"}]}},"_links":{"self":[{"href":"https:\/\/roostmxgear.com\/en\/wp-json\/wp\/v2\/pages\/394","targetHints":{"allow":["GET"]}}],"collection":[{"href":"https:\/\/roostmxgear.com\/en\/wp-json\/wp\/v2\/pages"}],"about":[{"href":"https:\/\/roostmxgear.com\/en\/wp-json\/wp\/v2\/types\/page"}],"author":[{"embeddable":true,"href":"https:\/\/roostmxgear.com\/en\/wp-json\/wp\/v2\/users\/2"}],"replies":[{"embeddable":true,"href":"https:\/\/roostmxgear.com\/en\/wp-json\/wp\/v2\/comments?post=394"}],"version-history":[{"count":0,"href":"https:\/\/roostmxgear.com\/en\/wp-json\/wp\/v2\/pages\/394\/revisions"}],"wp:attachment":[{"href":"https:\/\/roostmxgear.com\/en\/wp-json\/wp\/v2\/media?parent=394"}],"curies":[{"name":"wp","href":"https:\/\/api.w.org\/{rel}","templated":true}]}}