{"id":413,"date":"2021-05-19T11:16:22","date_gmt":"2021-05-19T11:16:22","guid":{"rendered":"http:\/\/najaoils.com.mialias.net.mialias.net\/?page_id=413"},"modified":"2023-01-25T10:58:57","modified_gmt":"2023-01-25T10:58:57","slug":"privacy-policy","status":"publish","type":"page","link":"https:\/\/roostmxgear.com\/en\/privacy-policy\/","title":{"rendered":"Privacy policy"},"content":{"rendered":"<div class=\"fusion-fullwidth fullwidth-box fusion-builder-row-1 fusion-flex-container nonhundred-percent-fullwidth non-hundred-percent-height-scrolling\" style=\"--awb-border-radius-top-left:0px;--awb-border-radius-top-right:0px;--awb-border-radius-bottom-right:0px;--awb-border-radius-bottom-left:0px;--awb-flex-wrap:wrap;\" ><div class=\"fusion-builder-row fusion-row fusion-flex-align-items-flex-start fusion-flex-content-wrap\" style=\"max-width:1248px;margin-left: calc(-4% \/ 2 );margin-right: calc(-4% \/ 2 );\"><div class=\"fusion-layout-column fusion_builder_column fusion-builder-column-0 fusion_builder_column_1_1 1_1 fusion-flex-column\" style=\"--awb-bg-size:cover;--awb-width-large:100%;--awb-margin-top-large:0px;--awb-spacing-right-large:1.92%;--awb-margin-bottom-large:20px;--awb-spacing-left-large:1.92%;--awb-width-medium:100%;--awb-order-medium:0;--awb-spacing-right-medium:1.92%;--awb-spacing-left-medium:1.92%;--awb-width-small:100%;--awb-order-small:0;--awb-spacing-right-small:1.92%;--awb-spacing-left-small:1.92%;\"><div class=\"fusion-column-wrapper fusion-column-has-shadow fusion-flex-justify-content-flex-start fusion-content-layout-column\"><div class=\"fusion-text fusion-text-1\"><h2>Pol\u00edtica de privacidad<\/h2>\n<p>A los efectos de lo establecido en el Reglamento Europeo 2016\/679 del Parlamento Europeo y del Consejo de 27 de abril de 2016 y de la Ley 3\/2018, de 5 de diciembre, de Protecci\u00f3n de Datos y garant\u00eda de los derechos digitales se le informa de que Motocard Bike S.L con domicilio en la calle Valencia 511-515, en Barcelona (08013), mediante su representante con la siguiente cuenta de correo electr\u00f3nico<strong> <a href=\"mailto:info@roostmxgear.com\">info@roostmxgear.com<\/a><\/strong>, es el responsable del tratamiento sus datos de car\u00e1cter personal.<\/p>\n<p>En Motocard Bike, S.L. utilizamos y tratamos los datos personales recabados con distintas finalidades en funci\u00f3n de lo que usted haya autorizado y consentido expresamente. Estas finalidades pueden ser:<\/p>\n<ul>\n<li>Ejecuci\u00f3n de la compraventa de productos y art\u00edculos de Motocard Bike, S.L: En una operaci\u00f3n de compraventa se deben recabar datos de car\u00e1cter personal. Estos datos son necesarios para poder gestionar de forma adecuada la compra, para facilitar la tramitaci\u00f3n del pedido y para gestionar los servicios de atenci\u00f3n al cliente y servicios post venta asociados a la compra realizada as\u00ed como para poder remitirle cualquier comunicaci\u00f3n respecto a los productos que haya adquirido, incluido el vale de descuento que promocionalmente se incluya con una compra, que se comunicar\u00e1 v\u00eda correo electr\u00f3nico, sus sucesivos recordatorios y su confirmaci\u00f3n. El tratamiento de estos datos de car\u00e1cter personal est\u00e1 basado en la existencia de una relaci\u00f3n contractual con usted y como consecuencia se usar\u00e1n y se trataran sus datos para esta finalidad debido a su aceptaci\u00f3n de los t\u00e9rminos y condiciones de venta.<\/li>\n<li>Comunicaciones comerciales sobre los productos y servicios de Motocard Bike, S.L: Cuando usted nos proporciona su cuenta de e-mail, correo ordinario, tel\u00e9fono o direcci\u00f3n postal, tras marcar la casilla habilitada para ello, obtenemos sus datos personales. Estos datos son los necesarios para proveer un mejor servicio de atenci\u00f3n al cliente, transmitir informaci\u00f3n comercial y novedades sobre nuestros productos y servicios as\u00ed como para realizar estudios de mercado.<br \/>\nEl tratamiento relativo a comunicaciones comerciales sobre los productos y servicios de Motocard Bike, S.L. solo se efectuara cuando usted ha consentido los mismos expresamente a trav\u00e9s de la marcaci\u00f3n de la casilla correspondiente.<\/li>\n<li>Comunicaci\u00f3n de ofertas personalizadas de productos y servicios de Motocard Bike, S.L: Al proporcionarnos sus datos de car\u00e1cter personal se elaboran perfiles individualizados del cliente. Estos datos nos permiten determinar sus comportamientos, preferencias e intereses y por ende hacer posible que usted reciba comunicaciones de marketing con contenidos personalizados relacionados con los productos que podr\u00edan interesarle, como ofertas, promociones y descuentos personalizadas de Motocard Bike, S.L y de otras entidades de Motocard Bike, S.L . El tratamiento relativo a ofertas personalizadas mediante la creaci\u00f3n de perfiles individualizados solo se efectuara cuando usted ha consentido los mismos expresamente a trav\u00e9s de la marcaci\u00f3n de la casilla correspondiente.<\/li>\n<li>Cumplimiento de obligaciones de car\u00e1cter legal y regulatorio para cumplir nuestros deberes legales respecto a los requerimientos de informaci\u00f3n cursados tanto por \u00f3rganos judiciales, organismos reguladores y supervisores y fuerzas de seguridad del estado Entre estas obligaciones se incluye la entrega, en determinadas circunstancias, de datos de car\u00e1cter personal a los \u00f3rganos citados.<\/li>\n<li>Este tratamiento de datos est\u00e1 basado en la existencia para Motocard Bike, S.L. de una obligaci\u00f3n legal de colaboraci\u00f3n con tales organismos.<\/li>\n<\/ul>\n<p>El uso de sus datos en las condiciones anteriormente descritas est\u00e1 permita por la normativa de protecci\u00f3n de datos europea de conformidad con las siguientes bases jur\u00eddicas:<\/p>\n<ul>\n<li>El tratamiento de sus datos es necesario para la gesti\u00f3n y mantenimiento de un contrato suscrito con usted y por ello el titular de los datos estar\u00e1 obligado a facilitar sus datos personales, por el contrario ser\u00e1 imposible ejecutar el contrato.<\/li>\n<li>Usted ha manifestado su consentimiento (se le ha presentado un formulario de consentimiento para que autorice el tratamiento de sus datos con determinadas finalidades).<\/li>\n<li>El tratamiento de sus datos es necesario para cumplir con nuestras obligaciones legales y por ello el titular de los datos estar\u00e1 obligado a facilitar sus datos personales, por el contrario ser\u00e1 imposible cumplir con estas obligaciones legales y la autoridad competente se las requerir\u00e1 en segunda instancia.<\/li>\n<\/ul>\n<p>Sus datos personales <strong>ser\u00e1n conservados durante el tiempo<\/strong> necesario para cumplir la finalidad para la cual se recogieron y cuando proceda durante el tiempo en que pueda exigirse alg\u00fan tipo de responsabilidad derivada de una relaci\u00f3n u obligaci\u00f3n jur\u00eddica o de la ejecuci\u00f3n de un contrato o de la aplicaci\u00f3n de medidas precontractuales solicitadas por usted.<\/p>\n<p>Si sus datos han sido recogidos para varias finalidades distintas que nos obligan a conservarlas durante plazos distintos aplicaremos el plazo de conservaci\u00f3n m\u00e1s largo.<\/p>\n<p>Motocard Bike S.L, se compromete al cumplimiento de su obligaci\u00f3n de secreto de los datos de car\u00e1cter personal y de su deber de guardarlos. Aunque en las transmisiones de datos a trav\u00e9s de internet o desde una web no es posible garantizar una protecci\u00f3n absoluta contra intrusiones, tanto nosotros como nuestros socios de negocio dedicamos los m\u00e1ximos esfuerzos para <strong>mantener las medidas de protecci\u00f3n<\/strong> f\u00edsicas, electr\u00f3nicas y procedimentales para garantizar la protecci\u00f3n de sus datos personales y evitar su alteraci\u00f3n, p\u00e9rdida, tratamiento o uso no autorizado.<\/p>\n<p>En aquellos casos en que le hayamos facilitado o usted la haya elegido una contrase\u00f1a que le permita acceder a determinadas partes de nuestra web o de cualquier otro portal bajo nuestro control, es usted responsable de mantenerla en secreto y de cumplir todos los dem\u00e1s procedimientos de seguridad que le notifiquemos. No podr\u00e1 compartir su contrase\u00f1a con nadie.<\/p>\n<p>En relaci\u00f3n a cualquier imagen que usted nos haya cedido a trav\u00e9s de alg\u00fan apartado de la web que permita incorporar im\u00e1genes con sus comentarios, les informamos que dichas im\u00e1genes quedar\u00e1n sometidas al mismo r\u00e9gimen que el resto de datos personales que nos haya facilitado y, adem\u00e1s, se considerar\u00e1 que dichas im\u00e1genes han sido cedidas por usted de forma libre y gratuita, como parte de sus comentarios, siendo usted el \u00fanico responsable de ellas, as\u00ed como de los propios comentarios, debiendo respetar cualquier derecho de terceros en relaci\u00f3n a la comunicaci\u00f3n, incluidos los derechos de propiedad intelectual que puedan existir en relaci\u00f3n a la imagen que haya adjuntado si est\u00e1 fuera titularidad de otra persona.<\/p>\n<p>Para poder gestionar debidamente el servicio prestado y los datos personales de sus usuarios, MOTOCARD BIKE, S.L. contar\u00e1 con la colaboraci\u00f3n de terceros proveedores de servicios que pueden tener acceso a sus datos personales y que tratar\u00e1n los referidos datos en nombre y por cuenta de MOTOCARD BIKE, S.L. como consecuencia de su prestaci\u00f3n de servicios. MOTOCARD BIKE, S.L. se compromete a suscribir con ellos el correspondiente contrato de tratamiento de datos, mediante el cual les impondr\u00e1, entre otras, las siguientes obligaciones: aplicar medidas t\u00e9cnicas y organizativas apropiadas; tratar los datos personales para las finalidades pactadas y atendiendo \u00fanicamente a las instrucciones documentadas de MOTOCARD BIKE, S.L.; y suprimir o devolver los datos a MOTOCARD BIKE, S.L. una vez finalice la prestaci\u00f3n de los servicios.<\/p>\n<p>Le recordamos que usted tiene derecho a:<\/p>\n<ul>\n<li>Revocar su consentimiento para el tratamiento de datos para esos fines, en los casos en los que el tratamiento de sus datos est\u00e9 condicionado al consentimiento.<\/li>\n<li>Solicitar m\u00e1s detalles e informaci\u00f3n sobre el uso que hacemos de sus datos personales.<\/li>\n<li>Corregir inexactitudes en la informaci\u00f3n que mantenemos.<\/li>\n<li>Borrar informaci\u00f3n para cuyo uso ya no tengamos base jur\u00eddica.<\/li>\n<li>Oponerse a cualquier tratamiento de sus datos que tome como base jur\u00eddica el inter\u00e9s legitimo a menos que nuestros motivos para llevar a cabo ese tratamiento compensen cualquier posible perjuicio hacia sus derechos de protecci\u00f3n de datos.<\/li>\n<li>Restringir y limitar la manera en que utilizamos sus datos mientras se investiga una reclamaci\u00f3n.<\/li>\n<li>Solicitar la portabilidad de sus datos personales.<\/li>\n<\/ul>\n<p>Puede ejercer cualquiera de estos derechos mediante solicitud dirigida a Motocard Bike, S.L, por escrito a la calle Valencia 511-515, en Barcelona (08013), llamando al tel\u00e9fono 973 48 27 02 o comunic\u00e1ndolo por escrito a nuestra direcci\u00f3n de correo electr\u00f3nico <a href=\"mailto:info@roostmxgear.com\"><strong>info@roostmxgear.com<\/strong><\/a>.<\/p>\n<p>Si usted ejerciera alguno de estos derechos, comprobaremos que est\u00e1 facultado realmente para ello, y le responderemos en un mes o en el plazo m\u00e1ximo previsto en la normativa espa\u00f1ola, si \u00e9ste fuera inferior.<\/p>\n<p>Si no est\u00e1 satisfecho con la manera en que utilizamos su informaci\u00f3n o con nuestra respuesta ante el ejercicio de cualquiera de estos derechos, puede presentar una reclamaci\u00f3n ante la Agencia Espa\u00f1ola de Protecci\u00f3n de Datos u otros \u00f3rganos competentes.<\/p>\n<\/div><\/div><\/div><\/div><\/div>\n","protected":false},"excerpt":{"rendered":"","protected":false},"author":2,"featured_media":0,"parent":0,"menu_order":0,"comment_status":"closed","ping_status":"open","template":"","meta":{"footnotes":""},"class_list":["post-413","page","type-page","status-publish","hentry"],"yoast_head":"<!-- This site is optimized with the Yoast SEO plugin v24.3 - https:\/\/yoast.com\/wordpress\/plugins\/seo\/ -->\n<title>Privacy policy - Roost<\/title>\n<meta name=\"robots\" content=\"index, follow, max-snippet:-1, max-image-preview:large, max-video-preview:-1\" \/>\n<link rel=\"canonical\" href=\"https:\/\/roostmxgear.com\/en\/privacy-policy\/\" \/>\n<meta property=\"og:locale\" content=\"en_US\" \/>\n<meta property=\"og:type\" content=\"article\" \/>\n<meta property=\"og:title\" content=\"Privacy policy - Roost\" \/>\n<meta property=\"og:url\" content=\"https:\/\/roostmxgear.com\/en\/privacy-policy\/\" \/>\n<meta property=\"og:site_name\" content=\"Roost\" \/>\n<meta property=\"article:modified_time\" content=\"2023-01-25T10:58:57+00:00\" \/>\n<meta name=\"twitter:card\" content=\"summary_large_image\" \/>\n<script type=\"application\/ld+json\" class=\"yoast-schema-graph\">{\"@context\":\"https:\/\/schema.org\",\"@graph\":[{\"@type\":\"WebPage\",\"@id\":\"https:\/\/roostmxgear.com\/en\/privacy-policy\/\",\"url\":\"https:\/\/roostmxgear.com\/en\/privacy-policy\/\",\"name\":\"Privacy policy - Roost\",\"isPartOf\":{\"@id\":\"https:\/\/roostmxgear.com\/#website\"},\"datePublished\":\"2021-05-19T11:16:22+00:00\",\"dateModified\":\"2023-01-25T10:58:57+00:00\",\"breadcrumb\":{\"@id\":\"https:\/\/roostmxgear.com\/en\/privacy-policy\/#breadcrumb\"},\"inLanguage\":\"en-US\",\"potentialAction\":[{\"@type\":\"ReadAction\",\"target\":[\"https:\/\/roostmxgear.com\/en\/privacy-policy\/\"]}]},{\"@type\":\"BreadcrumbList\",\"@id\":\"https:\/\/roostmxgear.com\/en\/privacy-policy\/#breadcrumb\",\"itemListElement\":[{\"@type\":\"ListItem\",\"position\":1,\"name\":\"Portada\",\"item\":\"https:\/\/roostmxgear.com\/en\/\"},{\"@type\":\"ListItem\",\"position\":2,\"name\":\"Privacy policy\"}]},{\"@type\":\"WebSite\",\"@id\":\"https:\/\/roostmxgear.com\/#website\",\"url\":\"https:\/\/roostmxgear.com\/\",\"name\":\"Roost\",\"description\":\"Challenge your limits\",\"potentialAction\":[{\"@type\":\"SearchAction\",\"target\":{\"@type\":\"EntryPoint\",\"urlTemplate\":\"https:\/\/roostmxgear.com\/?s={search_term_string}\"},\"query-input\":{\"@type\":\"PropertyValueSpecification\",\"valueRequired\":true,\"valueName\":\"search_term_string\"}}],\"inLanguage\":\"en-US\"}]}<\/script>\n<!-- \/ Yoast SEO plugin. -->","yoast_head_json":{"title":"Privacy policy - Roost","robots":{"index":"index","follow":"follow","max-snippet":"max-snippet:-1","max-image-preview":"max-image-preview:large","max-video-preview":"max-video-preview:-1"},"canonical":"https:\/\/roostmxgear.com\/en\/privacy-policy\/","og_locale":"en_US","og_type":"article","og_title":"Privacy policy - Roost","og_url":"https:\/\/roostmxgear.com\/en\/privacy-policy\/","og_site_name":"Roost","article_modified_time":"2023-01-25T10:58:57+00:00","twitter_card":"summary_large_image","schema":{"@context":"https:\/\/schema.org","@graph":[{"@type":"WebPage","@id":"https:\/\/roostmxgear.com\/en\/privacy-policy\/","url":"https:\/\/roostmxgear.com\/en\/privacy-policy\/","name":"Privacy policy - Roost","isPartOf":{"@id":"https:\/\/roostmxgear.com\/#website"},"datePublished":"2021-05-19T11:16:22+00:00","dateModified":"2023-01-25T10:58:57+00:00","breadcrumb":{"@id":"https:\/\/roostmxgear.com\/en\/privacy-policy\/#breadcrumb"},"inLanguage":"en-US","potentialAction":[{"@type":"ReadAction","target":["https:\/\/roostmxgear.com\/en\/privacy-policy\/"]}]},{"@type":"BreadcrumbList","@id":"https:\/\/roostmxgear.com\/en\/privacy-policy\/#breadcrumb","itemListElement":[{"@type":"ListItem","position":1,"name":"Portada","item":"https:\/\/roostmxgear.com\/en\/"},{"@type":"ListItem","position":2,"name":"Privacy policy"}]},{"@type":"WebSite","@id":"https:\/\/roostmxgear.com\/#website","url":"https:\/\/roostmxgear.com\/","name":"Roost","description":"Challenge your limits","potentialAction":[{"@type":"SearchAction","target":{"@type":"EntryPoint","urlTemplate":"https:\/\/roostmxgear.com\/?s={search_term_string}"},"query-input":{"@type":"PropertyValueSpecification","valueRequired":true,"valueName":"search_term_string"}}],"inLanguage":"en-US"}]}},"_links":{"self":[{"href":"https:\/\/roostmxgear.com\/en\/wp-json\/wp\/v2\/pages\/413","targetHints":{"allow":["GET"]}}],"collection":[{"href":"https:\/\/roostmxgear.com\/en\/wp-json\/wp\/v2\/pages"}],"about":[{"href":"https:\/\/roostmxgear.com\/en\/wp-json\/wp\/v2\/types\/page"}],"author":[{"embeddable":true,"href":"https:\/\/roostmxgear.com\/en\/wp-json\/wp\/v2\/users\/2"}],"replies":[{"embeddable":true,"href":"https:\/\/roostmxgear.com\/en\/wp-json\/wp\/v2\/comments?post=413"}],"version-history":[{"count":0,"href":"https:\/\/roostmxgear.com\/en\/wp-json\/wp\/v2\/pages\/413\/revisions"}],"wp:attachment":[{"href":"https:\/\/roostmxgear.com\/en\/wp-json\/wp\/v2\/media?parent=413"}],"curies":[{"name":"wp","href":"https:\/\/api.w.org\/{rel}","templated":true}]}}